{"id":5743,"date":"2022-06-22T17:58:17","date_gmt":"2022-06-22T15:58:17","guid":{"rendered":"https:\/\/obsgroup.sk\/product\/klipsatorna-strichka\/"},"modified":"2025-05-17T22:04:59","modified_gmt":"2025-05-17T20:04:59","slug":"klipsatorna-strichka","status":"publish","type":"product","link":"http:\/\/obsgroup.sk\/de\/produkt\/klipsatorna-strichka\/","title":{"rendered":"Clipband"},"content":{"rendered":"<p>Clipband (auch Clip oder Clipband bezeichnet) ist ein bew\u00e4hrtes Verpackungsmaterial zum sicheren Verschlie\u00dfen von Beuteln und T\u00fcten mit unterschiedlichsten Waren.<br \/>\nBesonders h\u00e4ufig findet es Anwendung bei der Verpackung von Brot, S\u00fc\u00dfwaren, Teigwaren, Getreideprodukten, Tee, Kaffee und weiteren Lebensmitteln sowie Konsumg\u00fctern.<\/p>\n<p>Produktbeschreibung<br \/>\nClipband (auch Clip oder Clipband bezeichnet) ist ein bew\u00e4hrtes Verpackungsmaterial zum sicheren Verschlie\u00dfen von Beuteln und T\u00fcten mit unterschiedlichsten Waren.<br \/>\nBesonders h\u00e4ufig findet es Anwendung bei der Verpackung von Brot, S\u00fc\u00dfwaren, Teigwaren, Getreideprodukten, Tee, Kaffee und weiteren Lebensmitteln sowie Konsumg\u00fctern.<br \/>\nEin wesentlicher Vorteil dieser Verpackungsl\u00f6sung ist ihre Wiederverwendbarkeit: Beutel lassen sich je nach Bedarf einfach \u00f6ffnen und wiederverschlie\u00dfen. Zudem bietet das Clipband die M\u00f6glichkeit, Produktinformationen wie Datum, Chargennummer oder Sortenkennzeichnung direkt auf dem Clip anzubringen.<br \/>\nDas Band besteht aus hochwertigem Polymer mit integriertem Draht und ist f\u00fcr den Einsatz auf allen g\u00e4ngigen automatischen und halbautomatischen Clipverpackungsmaschinen geeignet.<\/p>\n<p>*Alle Produkteigenschaften k\u00f6nnen bei Bedarf individuell an kundenspezifische Anforderungen angepasst werden.<\/p>\n","protected":false},"excerpt":{"rendered":"<h6>Abmesungen::<\/h6>\n[gdlr_widget_list title=\"\" title-color=\"\" background-color=\"\" color=\"\" border-color=\"\" ]<\/p>\n<ul>\n<li><strong>Breite<\/strong>: 8,0mm<\/li>\n<li><strong>Drahtdurchmesser<\/strong>: 0,57mm, 0,67mm, 0,78mm<\/li>\n<li><strong>L\u00e4nge<\/strong>: 500m, 600m, \u0430\u0431\u043e \u0443 \u0432\u0456\u0434\u0440\u0456\u0437\u043a\u0430\u0445 \u043f\u043e\u0442\u0440\u0456\u0431\u043d\u043e\u0457 \u0434\u043e\u0432\u0436\u0438\u043d\u0438;<\/li>\n<li><strong>Farbe<\/strong>: \u0431wei\u00df, rot, orange, gold, gr\u00fcn, blau.<\/li>\n<\/ul>\n<p>[\/gdlr_widget_list]\n<h6>Rollenabmessungen<\/h6>\n[gdlr_widget_list title=\"\" title-color=\"\" background-color=\"\" color=\"\" border-color=\"\" ]<\/p>\n<ul>\n<li><strong>Innerer Rollendurchmesser<\/strong>: 152mm<\/li>\n<li><strong>\u00c4u\u00dferer Rollendurchmesser<\/strong>: 320mm<\/li>\n<li><strong>Rollenbreite<\/strong>: 60mm<\/li>\n<\/ul>\n<p>[\/gdlr_widget_list]\n<h6>Verpackung<\/h6>\n[gdlr_widget_list title=\"\" title-color=\"\" background-color=\"\" color=\"\" border-color=\"\" ]<\/p>\n<ul>\n<li><strong>Anzahl Rollen im Karton<\/strong>: 5st\u00fcck<\/li>\n<li><strong>Kartonabmessungen (B*H*L)<\/strong>: 340*320*340<\/li>\n<li><strong>Kartongewicht<\/strong>: 20-24kg<\/li>\n<li><strong>30 Kartons auf Palette <\/strong> (800*1200).<\/li>\n<\/ul>\n<p>[\/gdlr_widget_list]\n","protected":false},"featured_media":5638,"template":"","meta":[],"product_brand":[],"product_cat":[75],"product_tag":[],"class_list":{"0":"post-5743","1":"product","2":"type-product","3":"status-publish","4":"has-post-thumbnail","6":"product_cat-bez-kategoriyi-de","8":"first","9":"instock","10":"shipping-taxable","11":"product-type-simple"},"_links":{"self":[{"href":"http:\/\/obsgroup.sk\/de\/wp-json\/wp\/v2\/product\/5743","targetHints":{"allow":["GET"]}}],"collection":[{"href":"http:\/\/obsgroup.sk\/de\/wp-json\/wp\/v2\/product"}],"about":[{"href":"http:\/\/obsgroup.sk\/de\/wp-json\/wp\/v2\/types\/product"}],"wp:featuredmedia":[{"embeddable":true,"href":"http:\/\/obsgroup.sk\/de\/wp-json\/wp\/v2\/media\/5638"}],"wp:attachment":[{"href":"http:\/\/obsgroup.sk\/de\/wp-json\/wp\/v2\/media?parent=5743"}],"wp:term":[{"taxonomy":"product_brand","embeddable":true,"href":"http:\/\/obsgroup.sk\/de\/wp-json\/wp\/v2\/product_brand?post=5743"},{"taxonomy":"product_cat","embeddable":true,"href":"http:\/\/obsgroup.sk\/de\/wp-json\/wp\/v2\/product_cat?post=5743"},{"taxonomy":"product_tag","embeddable":true,"href":"http:\/\/obsgroup.sk\/de\/wp-json\/wp\/v2\/product_tag?post=5743"}],"curies":[{"name":"wp","href":"https:\/\/api.w.org\/{rel}","templated":true}]}}