{"id":5753,"date":"2022-06-22T17:51:36","date_gmt":"2022-06-22T15:51:36","guid":{"rendered":"https:\/\/obsgroup.sk\/product\/klipsatorna-strichka-odnozhylna\/"},"modified":"2025-05-17T20:24:10","modified_gmt":"2025-05-17T18:24:10","slug":"klipsatorna-strichka-odnozhylna","status":"publish","type":"product","link":"http:\/\/obsgroup.sk\/de\/produkt\/klipsatorna-strichka-odnozhylna\/","title":{"rendered":"Klipband (Einzeldraht)"},"content":{"rendered":"<table width=\"0\">\n<tbody>\n<tr>\n<td width=\"1070\"><strong>Produktbeschreibung<\/strong><\/p>\n<p>Einadriges Clipband (auch Twistband oder Twist Tie genannt) ist ein flexibles Verpackungsmaterial zum Verschlie\u00dfen von Produktverpackungen oder zum B\u00fcndeln der Ware selbst. Es besteht aus einem Kunststoffband mit einem integrierten, kohlenstoffarmen Draht, der f\u00fcr Stabilit\u00e4t und Formhaltigkeit sorgt.<\/p>\n<p>Typische Einsatzbereiche sind die Verpackung von Brot, S\u00fc\u00dfwaren, Teigwaren, M\u00fcsli, Tee und Kaffee sowie das B\u00fcndeln von Kabeln, Leitungen oder Blumen.<\/p>\n<p>Das Band wird aus hochwertigem Polymer und weichem, formbarem Draht gefertigt.<\/p>\n<p><em>*Alle Produkteigenschaften k\u00f6nnen bei Bedarf individuell an kundenspezifische Anforderungen angepasst werden.<\/em><\/td>\n<\/tr>\n<\/tbody>\n<\/table>\n","protected":false},"excerpt":{"rendered":"<h6>Abmessungen:<\/h6>\n[gdlr_widget_list title=\"\" title-color=\"\" background-color=\"\" color=\"\" border-color=\"\" ]<\/p>\n<ul>\n<li><strong>Breite<\/strong>: 3,0mm<\/li>\n<li><strong>Drahtdurchmesser<\/strong>: 0,44mm, 0,57mm;<\/li>\n<li><strong>L\u00e4nge<\/strong>: 1500m oder kundenspezifisch;<\/li>\n<li><strong>Farbe<\/strong>: wei\u00df, schwarz, rot, orange, gold, gr\u00fcn, blau<br \/>\n.<\/li>\n<\/ul>\n<p>[\/gdlr_widget_list]\n<h6>Rollenabmessungen<\/h6>\n[gdlr_widget_list title=\"\" title-color=\"\" background-color=\"\" color=\"\" border-color=\"\" ]<\/p>\n<ul>\n<li><strong>Innerer Rollendurchmesser<\/strong>: 52mm<\/li>\n<li><strong>A\u00fc\u00dferer Rollendurchmesser<\/strong>: 270mm<\/li>\n<li><strong>Rollenbreite<\/strong>: 100\u043c\u043c<\/li>\n<\/ul>\n<p>[\/gdlr_widget_list]\n<h6>Verpackung<\/h6>\n[gdlr_widget_list title=\"\" title-color=\"\" background-color=\"\" color=\"\" border-color=\"\" ]<\/p>\n<ul>\n<li><strong>Anzahl Einheiten im Karton<\/strong>: 3st\u00fcck<\/li>\n<li><strong>Kartonabmessungen (B*H*L)<\/strong>: 280*320*280<\/li>\n<li><strong>Kartongewicht<\/strong>: 8-14\u043a\u0433<\/li>\n<li><strong>40 Kartons auf Palette <\/strong> (800*1200).<\/li>\n<\/ul>\n<p>[\/gdlr_widget_list]\n","protected":false},"featured_media":5642,"template":"","meta":[],"product_brand":[],"product_cat":[75],"product_tag":[],"class_list":{"0":"post-5753","1":"product","2":"type-product","3":"status-publish","4":"has-post-thumbnail","6":"product_cat-bez-kategoriyi-de","8":"first","9":"instock","10":"shipping-taxable","11":"product-type-simple"},"_links":{"self":[{"href":"http:\/\/obsgroup.sk\/de\/wp-json\/wp\/v2\/product\/5753","targetHints":{"allow":["GET"]}}],"collection":[{"href":"http:\/\/obsgroup.sk\/de\/wp-json\/wp\/v2\/product"}],"about":[{"href":"http:\/\/obsgroup.sk\/de\/wp-json\/wp\/v2\/types\/product"}],"wp:featuredmedia":[{"embeddable":true,"href":"http:\/\/obsgroup.sk\/de\/wp-json\/wp\/v2\/media\/5642"}],"wp:attachment":[{"href":"http:\/\/obsgroup.sk\/de\/wp-json\/wp\/v2\/media?parent=5753"}],"wp:term":[{"taxonomy":"product_brand","embeddable":true,"href":"http:\/\/obsgroup.sk\/de\/wp-json\/wp\/v2\/product_brand?post=5753"},{"taxonomy":"product_cat","embeddable":true,"href":"http:\/\/obsgroup.sk\/de\/wp-json\/wp\/v2\/product_cat?post=5753"},{"taxonomy":"product_tag","embeddable":true,"href":"http:\/\/obsgroup.sk\/de\/wp-json\/wp\/v2\/product_tag?post=5753"}],"curies":[{"name":"wp","href":"https:\/\/api.w.org\/{rel}","templated":true}]}}