{"id":5763,"date":"2022-06-22T17:47:57","date_gmt":"2022-06-22T15:47:57","guid":{"rendered":"https:\/\/obsgroup.sk\/product\/u-clipse\/"},"modified":"2025-05-17T20:46:14","modified_gmt":"2025-05-17T18:46:14","slug":"u-clipse","status":"publish","type":"product","link":"http:\/\/obsgroup.sk\/de\/produkt\/u-clipse\/","title":{"rendered":"U-Clipse"},"content":{"rendered":"<table>\n<tbody>\n<tr>\n<td><strong>U-Clip<\/strong> ist ein manuelles Verpackungselement zum Verschlie\u00dfen von Produktbeuteln. Dabei handelt es sich um ein vorgeschnittenes Clipband mit einer Standardl\u00e4nge von 40 mm, das beidseitig in eine U-Form gebogen ist.<\/p>\n<p>Diese L\u00f6sung ist speziell f\u00fcr den <strong>h\u00e4ndischen Verpackungsvorgang<\/strong> konzipiert und eignet sich ideal f\u00fcr Betriebe ohne automatische oder halbautomatische Verpackungsanlagen.<\/p>\n<p>Typische Einsatzbereiche sind das Verschlie\u00dfen von <strong>nicht standardisierten Produkten<\/strong>, sowie der Einsatz in <strong>kleineren Produktionsst\u00e4tten, B\u00e4ckereien, Einzelhandelsgesch\u00e4ften<\/strong> oder in handwerklich orientierten Verpackungsprozessen.<\/td>\n<\/tr>\n<\/tbody>\n<\/table>\n","protected":false},"excerpt":{"rendered":"<h6>Abmessungen:<\/h6>\n[gdlr_widget_list title=\"\" title-color=\"\" background-color=\"\" color=\"\" border-color=\"\" ]<\/p>\n<ul>\n<li><strong>Breite<\/strong>: 8,0mm<\/li>\n<li><strong>L\u00e4nge<\/strong>: 40mm<\/li>\n<li><strong>Farbe<\/strong>:wei\u00df, gold, orange, rot<\/li>\n<\/ul>\n<p>[\/gdlr_widget_list]\n<h6>Verpackung:<\/h6>\n[gdlr_widget_list title=\"\" title-color=\"\" background-color=\"\" color=\"\" border-color=\"\" ]<\/p>\n<ul>\n<li><strong>Anzahl in der T\u00fcte<\/strong>: 1000St\u00fcck<\/li>\n<li><strong>\u041a\u0456\u043b\u044c\u043a\u0456\u0441\u0442\u044c \u0432 \u044f\u0449\u0438\u043a\u0443<\/strong>: 20T\u00fcten<\/li>\n<\/ul>\n<p>[\/gdlr_widget_list]\n","protected":false},"featured_media":5528,"template":"","meta":[],"product_brand":[],"product_cat":[75],"product_tag":[],"class_list":{"0":"post-5763","1":"product","2":"type-product","3":"status-publish","4":"has-post-thumbnail","6":"product_cat-bez-kategoriyi-de","8":"first","9":"instock","10":"shipping-taxable","11":"product-type-simple"},"_links":{"self":[{"href":"http:\/\/obsgroup.sk\/de\/wp-json\/wp\/v2\/product\/5763","targetHints":{"allow":["GET"]}}],"collection":[{"href":"http:\/\/obsgroup.sk\/de\/wp-json\/wp\/v2\/product"}],"about":[{"href":"http:\/\/obsgroup.sk\/de\/wp-json\/wp\/v2\/types\/product"}],"wp:featuredmedia":[{"embeddable":true,"href":"http:\/\/obsgroup.sk\/de\/wp-json\/wp\/v2\/media\/5528"}],"wp:attachment":[{"href":"http:\/\/obsgroup.sk\/de\/wp-json\/wp\/v2\/media?parent=5763"}],"wp:term":[{"taxonomy":"product_brand","embeddable":true,"href":"http:\/\/obsgroup.sk\/de\/wp-json\/wp\/v2\/product_brand?post=5763"},{"taxonomy":"product_cat","embeddable":true,"href":"http:\/\/obsgroup.sk\/de\/wp-json\/wp\/v2\/product_cat?post=5763"},{"taxonomy":"product_tag","embeddable":true,"href":"http:\/\/obsgroup.sk\/de\/wp-json\/wp\/v2\/product_tag?post=5763"}],"curies":[{"name":"wp","href":"https:\/\/api.w.org\/{rel}","templated":true}]}}