{"id":5767,"date":"2022-06-22T17:45:16","date_gmt":"2022-06-22T15:45:16","guid":{"rendered":"https:\/\/obsgroup.sk\/product\/clipband-geschnitten\/"},"modified":"2022-06-22T17:45:16","modified_gmt":"2022-06-22T15:45:16","slug":"clipband-geschnitten","status":"publish","type":"product","link":"http:\/\/obsgroup.sk\/de\/produkt\/clipband-geschnitten\/","title":{"rendered":"Clipband (geschnitten)"},"content":{"rendered":"<table>\n<tbody>\n<tr>\n<td><strong>Clipband (Zuschnitt)<\/strong> ist ein vielseitiges Verpackungsmaterial zum B\u00fcndeln und Verschlie\u00dfen von Waren. Das Band besteht aus Polypropylen und ist beidseitig mit Draht aus kohlenstoffarmem Stahl verst\u00e4rkt. Es wird in L\u00e4ngen von 4 bis 50 cm zugeschnitten und ist sofort einsatzbereit.<\/p>\n<p>Typische Anwendungsbereiche sind das Verpacken von Backwaren, Teigwaren, Tee, M\u00fcsli und Kaffee. Dar\u00fcber hinaus eignet sich das Clipband auch f\u00fcr den Einsatz bei Produkten wie Spielzeug, Kerzen, Schmuck sowie f\u00fcr medizinische Masken und andere Konsumg\u00fcter.<\/p>\n<p>&nbsp;<\/td>\n<\/tr>\n<\/tbody>\n<\/table>\n<p><strong>Clipband (Zuschnitt)<\/strong> bietet eine einfache, zuverl\u00e4ssige und wirtschaftliche L\u00f6sung f\u00fcr verschiedenste Verpackungsanforderungen<\/p>\n","protected":false},"excerpt":{"rendered":"[gdlr_widget_list title=\"\" title-color=\"\" background-color=\"\" color=\"\" border-color=\"\" ]<\/p>\n<table>\n<tbody>\n<tr>\n<td>\n<ul>\n<li><strong>Breite<\/strong>: 8 mm,<\/li>\n<li><strong>Bandmaterial<\/strong>: Polypropylen<\/li>\n<li><strong>Drahtdurchmesser<\/strong>: 0,57 mm<\/li>\n<li><strong>Auch andere Drahtst\u00e4rken sind m\u00f6glich<\/strong>.<\/li>\n<li><strong>L\u00e4nge des Schnittes:<\/strong> von 4 cm bis 50 cm.<\/li>\n<li><strong>Farbe:<\/strong> wei\u00df, rot, orange, blau, gr\u00fcn, gelb, gold.<\/li>\n<\/ul>\n<\/td>\n<\/tr>\n<\/tbody>\n<\/table>\n<p>Auch andere Farben sind m\u00f6glich.<\/p>\n<p>[\/gdlr_widget_list]\n","protected":false},"featured_media":5524,"template":"","meta":[],"product_brand":[],"product_cat":[75],"product_tag":[],"class_list":{"0":"post-5767","1":"product","2":"type-product","3":"status-publish","4":"has-post-thumbnail","6":"product_cat-bez-kategoriyi-de","8":"first","9":"instock","10":"shipping-taxable","11":"product-type-simple"},"_links":{"self":[{"href":"http:\/\/obsgroup.sk\/de\/wp-json\/wp\/v2\/product\/5767","targetHints":{"allow":["GET"]}}],"collection":[{"href":"http:\/\/obsgroup.sk\/de\/wp-json\/wp\/v2\/product"}],"about":[{"href":"http:\/\/obsgroup.sk\/de\/wp-json\/wp\/v2\/types\/product"}],"wp:featuredmedia":[{"embeddable":true,"href":"http:\/\/obsgroup.sk\/de\/wp-json\/wp\/v2\/media\/5524"}],"wp:attachment":[{"href":"http:\/\/obsgroup.sk\/de\/wp-json\/wp\/v2\/media?parent=5767"}],"wp:term":[{"taxonomy":"product_brand","embeddable":true,"href":"http:\/\/obsgroup.sk\/de\/wp-json\/wp\/v2\/product_brand?post=5767"},{"taxonomy":"product_cat","embeddable":true,"href":"http:\/\/obsgroup.sk\/de\/wp-json\/wp\/v2\/product_cat?post=5767"},{"taxonomy":"product_tag","embeddable":true,"href":"http:\/\/obsgroup.sk\/de\/wp-json\/wp\/v2\/product_tag?post=5767"}],"curies":[{"name":"wp","href":"https:\/\/api.w.org\/{rel}","templated":true}]}}